{"id":17,"date":"2026-05-02T19:12:00","date_gmt":"2026-05-02T19:12:00","guid":{"rendered":"https:\/\/safety-studio.it\/?page_id=17"},"modified":"2026-05-02T19:12:00","modified_gmt":"2026-05-02T19:12:00","slug":"certificazione-ce","status":"publish","type":"page","link":"https:\/\/safety-studio.it\/?page_id=17","title":{"rendered":"Certificazione CE"},"content":{"rendered":"\n<h2 class=\"wp-block-heading\">Marcatura CE per macchine e prodotti<\/h2>\n\n\n\n<p>Offriamo un servizio completo di certificazione CE per macchine, attrezzature e prodotti.<\/p>\n\n\n\n<p>Approfondimento:<\/p>\n\n\n\n<p>Questo servizio viene erogato da tecnici qualificati con esperienza diretta sul campo. Ogni attivit\u00e0 \u00e8 documentata e tracciata, garantendo trasparenza e conformit\u00e0 normativa.&nbsp;<\/p>\n\n\n\n<p>Perch\u00e9 \u00e8 importante:<\/p>\n\n\n\n<p>Investire in questo servizio significa ridurre il rischio operativo, migliorare la sicurezza dei lavoratori e ottimizzare i processi aziendali. Inoltre, una corretta gestione tecnica contribuisce a evitare sanzioni e fermi macchina.<\/p>\n\n\n\n<p>A chi \u00e8 rivolto:<\/p>\n\n\n\n<p>Il servizio \u00e8 ideale per aziende industriali, logistiche e produttive che necessitano di mantenere elevati standard di sicurezza e conformit\u00e0.<\/p>\n\n\n\n<p>Conclusione:<\/p>\n\n\n\n<p>Contattaci per una valutazione personalizzata e scopri come possiamo supportare la tua azienda con soluzioni su misura.<\/p>\n\n\n\n<p>Richiedi una verifica gratuita<\/p>\n\n\n\n<p><\/p>\n","protected":false},"excerpt":{"rendered":"<p>Marcatura CE per macchine e prodotti Offriamo un servizio completo di certificazione CE per macchine, attrezzature e prodotti. Approfondimento: Questo servizio viene erogato da tecnici qualificati con esperienza diretta sul campo. Ogni attivit\u00e0 \u00e8 documentata e tracciata, garantendo trasparenza e conformit\u00e0 normativa.&nbsp; Perch\u00e9 \u00e8 importante: Investire in questo servizio significa ridurre il rischio operativo, migliorare [&hellip;]<\/p>\n","protected":false},"author":1,"featured_media":0,"parent":0,"menu_order":0,"comment_status":"closed","ping_status":"closed","template":"","meta":{"footnotes":""},"class_list":["post-17","page","type-page","status-publish","hentry"],"yoast_head":"<!-- This site is optimized with the Yoast SEO plugin v27.5 - https:\/\/yoast.com\/product\/yoast-seo-wordpress\/ -->\n<title>Certificazione CE - Safety Studio<\/title>\n<meta name=\"robots\" content=\"index, follow, max-snippet:-1, max-image-preview:large, max-video-preview:-1\" \/>\n<link rel=\"canonical\" href=\"https:\/\/safety-studio.it\/?page_id=17\" \/>\n<meta property=\"og:locale\" content=\"it_IT\" \/>\n<meta property=\"og:type\" content=\"article\" \/>\n<meta property=\"og:title\" content=\"Certificazione CE - Safety Studio\" \/>\n<meta property=\"og:description\" content=\"Marcatura CE per macchine e prodotti Offriamo un servizio completo di certificazione CE per macchine, attrezzature e prodotti. Approfondimento: Questo servizio viene erogato da tecnici qualificati con esperienza diretta sul campo. Ogni attivit\u00e0 \u00e8 documentata e tracciata, garantendo trasparenza e conformit\u00e0 normativa.&nbsp; Perch\u00e9 \u00e8 importante: Investire in questo servizio significa ridurre il rischio operativo, migliorare [&hellip;]\" \/>\n<meta property=\"og:url\" content=\"https:\/\/safety-studio.it\/?page_id=17\" \/>\n<meta property=\"og:site_name\" content=\"Safety Studio\" \/>\n<meta name=\"twitter:card\" content=\"summary_large_image\" \/>\n<meta name=\"twitter:label1\" content=\"Tempo di lettura stimato\" \/>\n\t<meta name=\"twitter:data1\" content=\"1 minuto\" \/>\n<script type=\"application\/ld+json\" class=\"yoast-schema-graph\">{\"@context\":\"https:\\\/\\\/schema.org\",\"@graph\":[{\"@type\":\"WebPage\",\"@id\":\"https:\\\/\\\/safety-studio.it\\\/?page_id=17\",\"url\":\"https:\\\/\\\/safety-studio.it\\\/?page_id=17\",\"name\":\"Certificazione CE - Safety Studio\",\"isPartOf\":{\"@id\":\"https:\\\/\\\/safety-studio.it\\\/#website\"},\"datePublished\":\"2026-05-02T19:12:00+00:00\",\"breadcrumb\":{\"@id\":\"https:\\\/\\\/safety-studio.it\\\/?page_id=17#breadcrumb\"},\"inLanguage\":\"it-IT\",\"potentialAction\":[{\"@type\":\"ReadAction\",\"target\":[\"https:\\\/\\\/safety-studio.it\\\/?page_id=17\"]}]},{\"@type\":\"BreadcrumbList\",\"@id\":\"https:\\\/\\\/safety-studio.it\\\/?page_id=17#breadcrumb\",\"itemListElement\":[{\"@type\":\"ListItem\",\"position\":1,\"name\":\"Home\",\"item\":\"https:\\\/\\\/safety-studio.it\\\/\"},{\"@type\":\"ListItem\",\"position\":2,\"name\":\"Certificazione CE\"}]},{\"@type\":\"WebSite\",\"@id\":\"https:\\\/\\\/safety-studio.it\\\/#website\",\"url\":\"https:\\\/\\\/safety-studio.it\\\/\",\"name\":\"Safety Studio\",\"description\":\"\",\"publisher\":{\"@id\":\"https:\\\/\\\/safety-studio.it\\\/#organization\"},\"potentialAction\":[{\"@type\":\"SearchAction\",\"target\":{\"@type\":\"EntryPoint\",\"urlTemplate\":\"https:\\\/\\\/safety-studio.it\\\/?s={search_term_string}\"},\"query-input\":{\"@type\":\"PropertyValueSpecification\",\"valueRequired\":true,\"valueName\":\"search_term_string\"}}],\"inLanguage\":\"it-IT\"},{\"@type\":\"Organization\",\"@id\":\"https:\\\/\\\/safety-studio.it\\\/#organization\",\"name\":\"Safety Studio\",\"url\":\"https:\\\/\\\/safety-studio.it\\\/\",\"logo\":{\"@type\":\"ImageObject\",\"inLanguage\":\"it-IT\",\"@id\":\"https:\\\/\\\/safety-studio.it\\\/#\\\/schema\\\/logo\\\/image\\\/\",\"url\":\"https:\\\/\\\/safety-studio.it\\\/wp-content\\\/uploads\\\/2026\\\/05\\\/Safety-Studio-scaled.png\",\"contentUrl\":\"https:\\\/\\\/safety-studio.it\\\/wp-content\\\/uploads\\\/2026\\\/05\\\/Safety-Studio-scaled.png\",\"width\":2560,\"height\":639,\"caption\":\"Safety Studio\"},\"image\":{\"@id\":\"https:\\\/\\\/safety-studio.it\\\/#\\\/schema\\\/logo\\\/image\\\/\"}}]}<\/script>\n<!-- \/ Yoast SEO plugin. -->","yoast_head_json":{"title":"Certificazione CE - Safety Studio","robots":{"index":"index","follow":"follow","max-snippet":"max-snippet:-1","max-image-preview":"max-image-preview:large","max-video-preview":"max-video-preview:-1"},"canonical":"https:\/\/safety-studio.it\/?page_id=17","og_locale":"it_IT","og_type":"article","og_title":"Certificazione CE - Safety Studio","og_description":"Marcatura CE per macchine e prodotti Offriamo un servizio completo di certificazione CE per macchine, attrezzature e prodotti. Approfondimento: Questo servizio viene erogato da tecnici qualificati con esperienza diretta sul campo. Ogni attivit\u00e0 \u00e8 documentata e tracciata, garantendo trasparenza e conformit\u00e0 normativa.&nbsp; Perch\u00e9 \u00e8 importante: Investire in questo servizio significa ridurre il rischio operativo, migliorare [&hellip;]","og_url":"https:\/\/safety-studio.it\/?page_id=17","og_site_name":"Safety Studio","twitter_card":"summary_large_image","twitter_misc":{"Tempo di lettura stimato":"1 minuto"},"schema":{"@context":"https:\/\/schema.org","@graph":[{"@type":"WebPage","@id":"https:\/\/safety-studio.it\/?page_id=17","url":"https:\/\/safety-studio.it\/?page_id=17","name":"Certificazione CE - Safety Studio","isPartOf":{"@id":"https:\/\/safety-studio.it\/#website"},"datePublished":"2026-05-02T19:12:00+00:00","breadcrumb":{"@id":"https:\/\/safety-studio.it\/?page_id=17#breadcrumb"},"inLanguage":"it-IT","potentialAction":[{"@type":"ReadAction","target":["https:\/\/safety-studio.it\/?page_id=17"]}]},{"@type":"BreadcrumbList","@id":"https:\/\/safety-studio.it\/?page_id=17#breadcrumb","itemListElement":[{"@type":"ListItem","position":1,"name":"Home","item":"https:\/\/safety-studio.it\/"},{"@type":"ListItem","position":2,"name":"Certificazione CE"}]},{"@type":"WebSite","@id":"https:\/\/safety-studio.it\/#website","url":"https:\/\/safety-studio.it\/","name":"Safety Studio","description":"","publisher":{"@id":"https:\/\/safety-studio.it\/#organization"},"potentialAction":[{"@type":"SearchAction","target":{"@type":"EntryPoint","urlTemplate":"https:\/\/safety-studio.it\/?s={search_term_string}"},"query-input":{"@type":"PropertyValueSpecification","valueRequired":true,"valueName":"search_term_string"}}],"inLanguage":"it-IT"},{"@type":"Organization","@id":"https:\/\/safety-studio.it\/#organization","name":"Safety Studio","url":"https:\/\/safety-studio.it\/","logo":{"@type":"ImageObject","inLanguage":"it-IT","@id":"https:\/\/safety-studio.it\/#\/schema\/logo\/image\/","url":"https:\/\/safety-studio.it\/wp-content\/uploads\/2026\/05\/Safety-Studio-scaled.png","contentUrl":"https:\/\/safety-studio.it\/wp-content\/uploads\/2026\/05\/Safety-Studio-scaled.png","width":2560,"height":639,"caption":"Safety Studio"},"image":{"@id":"https:\/\/safety-studio.it\/#\/schema\/logo\/image\/"}}]}},"_links":{"self":[{"href":"https:\/\/safety-studio.it\/index.php?rest_route=\/wp\/v2\/pages\/17","targetHints":{"allow":["GET"]}}],"collection":[{"href":"https:\/\/safety-studio.it\/index.php?rest_route=\/wp\/v2\/pages"}],"about":[{"href":"https:\/\/safety-studio.it\/index.php?rest_route=\/wp\/v2\/types\/page"}],"author":[{"embeddable":true,"href":"https:\/\/safety-studio.it\/index.php?rest_route=\/wp\/v2\/users\/1"}],"replies":[{"embeddable":true,"href":"https:\/\/safety-studio.it\/index.php?rest_route=%2Fwp%2Fv2%2Fcomments&post=17"}],"version-history":[{"count":1,"href":"https:\/\/safety-studio.it\/index.php?rest_route=\/wp\/v2\/pages\/17\/revisions"}],"predecessor-version":[{"id":18,"href":"https:\/\/safety-studio.it\/index.php?rest_route=\/wp\/v2\/pages\/17\/revisions\/18"}],"wp:attachment":[{"href":"https:\/\/safety-studio.it\/index.php?rest_route=%2Fwp%2Fv2%2Fmedia&parent=17"}],"curies":[{"name":"wp","href":"https:\/\/api.w.org\/{rel}","templated":true}]}}